{"id":7227,"date":"2025-03-04T10:37:33","date_gmt":"2025-03-04T07:37:33","guid":{"rendered":"https:\/\/kymuhas.com\/?page_id=7227"},"modified":"2025-03-04T10:53:23","modified_gmt":"2025-03-04T07:53:23","slug":"katalog","status":"publish","type":"page","link":"https:\/\/kymuhas.com\/index.php\/katalog\/","title":{"rendered":"Katalog"},"content":{"rendered":"\t\t<div data-elementor-type=\"wp-page\" data-elementor-id=\"7227\" class=\"elementor elementor-7227\">\n\t\t\t\t<div class=\"elementor-element elementor-element-f781c3e e-con-full e-flex e-con e-parent\" data-id=\"f781c3e\" data-element_type=\"container\" data-settings=\"{&quot;background_background&quot;:&quot;classic&quot;}\">\n\t\t<div class=\"elementor-element elementor-element-cfeafcd e-con-full e-flex e-con e-child\" data-id=\"cfeafcd\" data-element_type=\"container\" data-settings=\"{&quot;background_background&quot;:&quot;classic&quot;}\">\n\t\t<div class=\"elementor-element elementor-element-160f4a5 e-flex e-con-boxed e-con e-child\" data-id=\"160f4a5\" data-element_type=\"container\">\n\t\t\t\t\t<div class=\"e-con-inner\">\n\t\t\t\t<div class=\"elementor-element elementor-element-077029b at-heading-animation at-animation-heading-style-3 elementor-widget elementor-widget-heading\" data-id=\"077029b\" data-element_type=\"widget\" data-settings=\"{&quot;ekit_we_effect_on&quot;:&quot;none&quot;}\" data-widget_type=\"heading.default\">\n\t\t\t\t<div class=\"elementor-widget-container\">\n\t\t\t\t\t<h1 class=\"elementor-heading-title elementor-size-default\">Katalog<\/h1>\t\t\t\t<\/div>\n\t\t\t\t<\/div>\n\t\t\t\t\t<\/div>\n\t\t\t\t<\/div>\n\t\t\t\t<\/div>\n\t\t\t\t<\/div>\n\t\t<div class=\"elementor-element elementor-element-239560b e-flex e-con-boxed e-con e-parent\" data-id=\"239560b\" data-element_type=\"container\">\n\t\t\t\t\t<div class=\"e-con-inner\">\n\t\t\t\t<div class=\"elementor-element elementor-element-985fee2 elementor-widget-divider--view-line elementor-widget elementor-widget-divider\" data-id=\"985fee2\" data-element_type=\"widget\" data-settings=\"{&quot;ekit_we_effect_on&quot;:&quot;none&quot;}\" data-widget_type=\"divider.default\">\n\t\t\t\t<div class=\"elementor-widget-container\">\n\t\t\t\t\t\t\t<div class=\"elementor-divider\">\n\t\t\t<span class=\"elementor-divider-separator\">\n\t\t\t\t\t\t<\/span>\n\t\t<\/div>\n\t\t\t\t\t\t<\/div>\n\t\t\t\t<\/div>\n\t\t\t\t<div class=\"elementor-element elementor-element-eeabf0a at-heading-animation at-animation-heading-none elementor-widget elementor-widget-heading\" data-id=\"eeabf0a\" data-element_type=\"widget\" data-settings=\"{&quot;ekit_we_effect_on&quot;:&quot;none&quot;}\" data-widget_type=\"heading.default\">\n\t\t\t\t<div class=\"elementor-widget-container\">\n\t\t\t\t\t<h3 class=\"elementor-heading-title elementor-size-default\">Projelerimizi Ke\u015ffedin!<\/h3>\t\t\t\t<\/div>\n\t\t\t\t<\/div>\n\t\t\t\t<div class=\"elementor-element elementor-element-1dbf38a elementor-widget elementor-widget-text-editor\" data-id=\"1dbf38a\" data-element_type=\"widget\" data-settings=\"{&quot;ekit_we_effect_on&quot;:&quot;none&quot;}\" data-widget_type=\"text-editor.default\">\n\t\t\t\t<div class=\"elementor-widget-container\">\n\t\t\t\t\t\t\t\t\t<p>Sekt\u00f6rdeki uzmanl\u0131\u011f\u0131m\u0131z\u0131 ve tamamlad\u0131\u011f\u0131m\u0131z projeleri tek bir dok\u00fcmanda inceleyebilirsiniz. Katalog sayfam\u0131z, hayata ge\u00e7irdi\u011fimiz modern, dayan\u0131kl\u0131 ve estetik yap\u0131lar\u0131 detayl\u0131 bir \u015fekilde sunarak sizlere kapsaml\u0131 bir bak\u0131\u015f a\u00e7\u0131s\u0131 sunuyor.<\/p><p data-start=\"327\" data-end=\"447\">\ud83d\udd39 <strong data-start=\"330\" data-end=\"367\">Tamamlanan ve Devam Eden Projeler<\/strong><br data-start=\"367\" data-end=\"370\" \/>\ud83d\udd39 <strong data-start=\"373\" data-end=\"407\">M\u00fchendislik ve Mimari \u00c7\u00f6z\u00fcmler<\/strong><br data-start=\"407\" data-end=\"410\" \/>\ud83d\udd39 <strong data-start=\"413\" data-end=\"445\">G\u00f6rseller ve Teknik Detaylar<\/strong><\/p><p data-start=\"449\" data-end=\"655\">Y\u00fcksek standartlarda tamamlad\u0131\u011f\u0131m\u0131z <strong data-start=\"485\" data-end=\"586\">fabrika in\u015faatlar\u0131, sanayi yap\u0131lar\u0131, altyap\u0131 projeleri, deprem konutlar\u0131 ve sosyal ya\u015fam alanlar\u0131<\/strong> hakk\u0131nda detayl\u0131 bilgi almak i\u00e7in katalo\u011fumuzu inceleyebilirsiniz.<\/p><p data-start=\"449\" data-end=\"655\">\u00a0<\/p>\t\t\t\t\t\t\t\t<\/div>\n\t\t\t\t<\/div>\n\t\t\t\t<div class=\"elementor-element elementor-element-5fa1ef0 elementor-button-info elementor-align-center elementor-widget elementor-widget-button\" data-id=\"5fa1ef0\" data-element_type=\"widget\" data-settings=\"{&quot;ekit_we_effect_on&quot;:&quot;none&quot;}\" data-widget_type=\"button.default\">\n\t\t\t\t<div class=\"elementor-widget-container\">\n\t\t\t\t\t\t\t\t\t<div class=\"elementor-button-wrapper\">\n\t\t\t\t\t<a class=\"elementor-button elementor-button-link elementor-size-sm\" href=\"https:\/\/kymuhas.com\/wp-content\/uploads\/2025\/03\/kymuhas_katalog_v2m.pdf\" target=\"_blank\">\n\t\t\t\t\t\t<span class=\"elementor-button-content-wrapper\">\n\t\t\t\t\t\t\t\t\t<span class=\"elementor-button-text\">katalog i\u00e7in t\u0131klay\u0131n<\/span>\n\t\t\t\t\t<\/span>\n\t\t\t\t\t<\/a>\n\t\t\t\t<\/div>\n\t\t\t\t\t\t\t\t<\/div>\n\t\t\t\t<\/div>\n\t\t\t\t\t<\/div>\n\t\t\t\t<\/div>\n\t\t\t\t<\/div>\n\t\t","protected":false},"excerpt":{"rendered":"<p>Katalog Projelerimizi Ke\u015ffedin! Sekt\u00f6rdeki uzmanl\u0131\u011f\u0131m\u0131z\u0131 ve tamamlad\u0131\u011f\u0131m\u0131z projeleri tek bir dok\u00fcmanda inceleyebilirsiniz. [&hellip;]<\/p>\n","protected":false},"author":1,"featured_media":0,"parent":0,"menu_order":0,"comment_status":"closed","ping_status":"closed","template":"elementor_header_footer","meta":{"footnotes":""},"class_list":["post-7227","page","type-page","status-publish","hentry"],"_links":{"self":[{"href":"https:\/\/kymuhas.com\/index.php\/wp-json\/wp\/v2\/pages\/7227","targetHints":{"allow":["GET"]}}],"collection":[{"href":"https:\/\/kymuhas.com\/index.php\/wp-json\/wp\/v2\/pages"}],"about":[{"href":"https:\/\/kymuhas.com\/index.php\/wp-json\/wp\/v2\/types\/page"}],"author":[{"embeddable":true,"href":"https:\/\/kymuhas.com\/index.php\/wp-json\/wp\/v2\/users\/1"}],"replies":[{"embeddable":true,"href":"https:\/\/kymuhas.com\/index.php\/wp-json\/wp\/v2\/comments?post=7227"}],"version-history":[{"count":11,"href":"https:\/\/kymuhas.com\/index.php\/wp-json\/wp\/v2\/pages\/7227\/revisions"}],"predecessor-version":[{"id":7240,"href":"https:\/\/kymuhas.com\/index.php\/wp-json\/wp\/v2\/pages\/7227\/revisions\/7240"}],"wp:attachment":[{"href":"https:\/\/kymuhas.com\/index.php\/wp-json\/wp\/v2\/media?parent=7227"}],"curies":[{"name":"wp","href":"https:\/\/api.w.org\/{rel}","templated":true}]}}